{"id":465,"date":"2019-02-25T04:30:04","date_gmt":"2019-02-25T04:30:04","guid":{"rendered":"http:\/\/fundacionfundis.org\/newgenomics\/?page_id=465"},"modified":"2019-02-28T03:55:34","modified_gmt":"2019-02-28T03:55:34","slug":"equipo-humano","status":"publish","type":"page","link":"http:\/\/www.genomics.com.co\/index.php\/equipo-humano\/","title":{"rendered":"Equipo humano"},"content":{"rendered":"\t\t<div data-elementor-type=\"wp-post\" data-elementor-id=\"465\" class=\"elementor elementor-465 elementor-bc-flex-widget\" data-elementor-post-type=\"page\">\n\t\t\t\t\t\t<section class=\"elementor-section elementor-top-section elementor-element elementor-element-5364e85 elementor-section-height-min-height elementor-section-content-middle elementor-reverse-mobile elementor-section-boxed elementor-section-height-default elementor-section-items-middle\" data-id=\"5364e85\" data-element_type=\"section\" data-settings=\"{&quot;background_background&quot;:&quot;classic&quot;}\">\n\t\t\t\t\t\t<div class=\"elementor-container elementor-column-gap-no\">\n\t\t\t\t\t<div class=\"elementor-column elementor-col-50 elementor-top-column elementor-element elementor-element-bf6a151\" data-id=\"bf6a151\" data-element_type=\"column\">\n\t\t\t<div class=\"elementor-widget-wrap elementor-element-populated\">\n\t\t\t\t\t\t<div class=\"elementor-element elementor-element-05be69d elementor-widget elementor-widget-heading\" data-id=\"05be69d\" data-element_type=\"widget\" data-widget_type=\"heading.default\">\n\t\t\t\t<div class=\"elementor-widget-container\">\n\t\t\t<h2 class=\"elementor-heading-title elementor-size-default\">Equipo humano<\/h2>\t\t<\/div>\n\t\t\t\t<\/div>\n\t\t\t\t<div class=\"elementor-element elementor-element-0b5f1d6 elementor-widget elementor-widget-text-editor\" data-id=\"0b5f1d6\" data-element_type=\"widget\" data-widget_type=\"text-editor.default\">\n\t\t\t\t<div class=\"elementor-widget-container\">\n\t\t\t\t\t\t\t<p>Contamos con todo el equipo humano necesario para cumplir a cabalidad nuestra misi\u00f3n y d\u00eda a d\u00eda hacer realidad nuestra visi\u00f3n.<\/p><p>Por tal raz\u00f3n contamos con mano de obra cualificada tanto en nuestro departamento administrativo como asistencial.<\/p><p>Contamos con auxiliares de enfermer\u00eda y laboratorio, las cuales est\u00e1n encargadas y cuentan con la experiencia y experticia necesaria para la toma de muestras y ser las asistentes en laboratorio el cual es administrado por una bacteri\u00f3loga que cumple con todos los est\u00e1ndares de calidad necesarios para realizar el montaje y an\u00e1lisis de muestra.<\/p><p>En los servicios ofrecidos de Toma de muestra cervico uterina contamos con una bacteri\u00f3loga calificada para tal trabajo al igual que en Medicina general, gen\u00e9tica y pediatr\u00eda contando con m\u00e9dicos en constante actualizaci\u00f3n en sus especialidades.<\/p>\t\t\t\t\t\t<\/div>\n\t\t\t\t<\/div>\n\t\t\t\t\t<\/div>\n\t\t<\/div>\n\t\t\t\t<div class=\"elementor-column elementor-col-50 elementor-top-column elementor-element elementor-element-427dfe9\" data-id=\"427dfe9\" data-element_type=\"column\">\n\t\t\t<div class=\"elementor-widget-wrap elementor-element-populated\">\n\t\t\t\t\t\t<div class=\"elementor-element elementor-element-ac9e57c elementor-widget elementor-widget-image\" data-id=\"ac9e57c\" data-element_type=\"widget\" data-widget_type=\"image.default\">\n\t\t\t\t<div class=\"elementor-widget-container\">\n\t\t\t\t\t\t\t\t\t\t\t\t\t<img fetchpriority=\"high\" decoding=\"async\" width=\"796\" height=\"441\" src=\"http:\/\/www.genomics.com.co\/wp-content\/uploads\/2019\/02\/equipohumano_rpb.jpg\" class=\"attachment-full size-full wp-image-587\" alt=\"\" srcset=\"http:\/\/www.genomics.com.co\/wp-content\/uploads\/2019\/02\/equipohumano_rpb.jpg 796w, http:\/\/www.genomics.com.co\/wp-content\/uploads\/2019\/02\/equipohumano_rpb-300x166.jpg 300w, http:\/\/www.genomics.com.co\/wp-content\/uploads\/2019\/02\/equipohumano_rpb-768x425.jpg 768w\" sizes=\"(max-width: 796px) 100vw, 796px\" \/>\t\t\t\t\t\t\t\t\t\t\t\t\t<\/div>\n\t\t\t\t<\/div>\n\t\t\t\t\t<\/div>\n\t\t<\/div>\n\t\t\t\t\t<\/div>\n\t\t<\/section>\n\t\t\t\t<\/div>\n\t\t","protected":false},"excerpt":{"rendered":"<p>Equipo humano Contamos con todo el equipo humano necesario para cumplir a cabalidad nuestra misi\u00f3n y d\u00eda a d\u00eda hacer realidad nuestra visi\u00f3n. Por tal raz\u00f3n contamos con mano de &#8230;<\/p>\n","protected":false},"author":1,"featured_media":0,"parent":0,"menu_order":0,"comment_status":"closed","ping_status":"closed","template":"","meta":{"footnotes":""},"_links":{"self":[{"href":"http:\/\/www.genomics.com.co\/index.php\/wp-json\/wp\/v2\/pages\/465"}],"collection":[{"href":"http:\/\/www.genomics.com.co\/index.php\/wp-json\/wp\/v2\/pages"}],"about":[{"href":"http:\/\/www.genomics.com.co\/index.php\/wp-json\/wp\/v2\/types\/page"}],"author":[{"embeddable":true,"href":"http:\/\/www.genomics.com.co\/index.php\/wp-json\/wp\/v2\/users\/1"}],"replies":[{"embeddable":true,"href":"http:\/\/www.genomics.com.co\/index.php\/wp-json\/wp\/v2\/comments?post=465"}],"version-history":[{"count":3,"href":"http:\/\/www.genomics.com.co\/index.php\/wp-json\/wp\/v2\/pages\/465\/revisions"}],"predecessor-version":[{"id":589,"href":"http:\/\/www.genomics.com.co\/index.php\/wp-json\/wp\/v2\/pages\/465\/revisions\/589"}],"wp:attachment":[{"href":"http:\/\/www.genomics.com.co\/index.php\/wp-json\/wp\/v2\/media?parent=465"}],"curies":[{"name":"wp","href":"https:\/\/api.w.org\/{rel}","templated":true}]}}